{"id":1792,"date":"2020-11-08T21:51:07","date_gmt":"2020-11-08T21:51:07","guid":{"rendered":"https:\/\/fruttamax.hu\/?page_id=1792"},"modified":"2020-11-08T21:51:07","modified_gmt":"2020-11-08T21:51:07","slug":"cookie-tajekoztato","status":"publish","type":"page","link":"https:\/\/fruttamax.hu\/en\/cookie-tajekoztato\/","title":{"rendered":"Cookie t\u00e1j\u00e9koztat\u00f3"},"content":{"rendered":"<p><strong>A cookie fogalma<\/strong><\/p>\n\n\n\n<p>A cookie a webszerver \u00e1ltal k\u00fcld\u00f6tt \u00e9s a felhaszn\u00e1l\u00f3 sz\u00e1m\u00edt\u00f3g\u00e9p\u00e9n meghat\u00e1rozott id\u0151re elhelyezett kis adatcsomag (sz\u00f6veges f\u00e1jl), amit annak jell\u00e9g\u00e9t\u0151l f\u00fcgg\u0151en a szerver az \u00fajabb l\u00e1togat\u00e1sok alkalm\u00e1val ki is eg\u00e9sz\u00edthet, azaz, ha a b\u00f6ng\u00e9sz\u0151 visszak\u00fcld egy kor\u00e1bban elmentett s\u00fctit, a s\u00fctit kezel\u0151 szolg\u00e1ltat\u00f3nak lehet\u0151s\u00e9ge van \u00f6sszekapcsolni a felhaszn\u00e1l\u00f3 aktu\u00e1lis l\u00e1togat\u00e1s\u00e1t a kor\u00e1bbiakkal, de kiz\u00e1r\u00f3lag a saj\u00e1t tartalma tekintet\u00e9ben. A cookie-k teh\u00e1t a felhaszn\u00e1l\u00f3nak is seg\u00edtenek: min\u00e9l t\u00f6bbet \u201e\u00e1rul el\u201d, ann\u00e1l nagyobb seg\u00edts\u00e9g\u00e9re lehet a szolg\u00e1ltat\u00f3, ha inform\u00e1ci\u00f3kat, vagy term\u00e9keket keres.<\/p>\n\n\n\n<p>A cookie-knak ezen k\u00edv\u00fcl m\u00e1s el\u0151nye is van a felhaszn\u00e1l\u00f3 n\u00e9zve, m\u00e9gpedig az, hogy id\u0151t takar\u00edtanak meg sz\u00e1m\u00e1ra \u00e9s egyes weboldalakon t\u00f6rt\u00e9n\u0151 b\u00f6ng\u00e9sz\u00e9st is megk\u00f6nny\u00edtik (az oldal ism\u00e9telt l\u00e1togat\u00e1sakor nem kell elv\u00e9gezni a kor\u00e1bban az adott oldalon elv\u00e9gzett be\u00e1ll\u00edt\u00e1sokat), vagy \u00e9ppen lehet\u0151v\u00e9 teszik (vannak oldalak, ahol cookie telep\u00edt\u00e9se n\u00e9lk\u00fcl nem b\u00f6ng\u00e9szhet\u0151 a tartalom).<\/p>\n\n\n\n<p><strong>A cookie-k nem hordozhatnak v\u00edrusokat \u00e9s \u00f6nmagukban a felhaszn\u00e1l\u00f3 azonos\u00edt\u00e1s\u00e1ra sem k\u00e9pesek<\/strong>&nbsp;\u2013 kiz\u00e1r\u00f3lag a l\u00e1togat\u00f3 sz\u00e1m\u00edt\u00f3g\u00e9p\u00e9nek felismer\u00e9s\u00e9re alkalmasak-.<br><strong>Weboldalunkon haszn\u00e1lt cookie-k<\/strong><\/p>\n\n\n\n<p><strong>K\u00fcls\u0151 cookiek&nbsp;<\/strong>(Google Analytics cookie-kezel\u00e9sei)<\/p>\n\n\n\n<p>A weboldalunkban a testre szabott inform\u00e1ci\u00f3ny\u00fajt\u00e1s \u00e9rdek\u00e9ben, k\u00fcls\u0151 statisztikai szolg\u00e1ltat\u00f3, a Google Analytics k\u00f3dja ker\u00fclt elhelyez\u00e9sre, ami k\u00f6vetkezt\u00e9ben a weboldalt l\u00e1togat\u00f3k sz\u00e1m\u00edt\u00f3g\u00e9p\u00e9re, amennyiben nincs tiltva, k\u00fcl\u00f6nf\u00e9le adatok gy\u0171jt\u00e9se c\u00e9lj\u00e1b\u00f3l cookie-k ker\u00fclnek elhelyez\u00e9sre.<\/p>\n\n\n\n<p>A Google Analytics \u00e1ltal haszn\u00e1lt cookie-k a k\u00f6vetkez\u0151k:<\/p>\n\n\n\n<p>A Google Analytics \u00e1ltal haszn\u00e1lt cookie-k a k\u00f6vetkez\u0151k:<br><strong>Cookie neve: _ga<\/strong><br>Cookie tartalma: v\u00e9letlenszer\u0171en gener\u00e1lt sz\u00e1m<br>Cookie t\u00e1rol\u00e1s\u00e1nak id\u0151tartama: 2 \u00e9v<br>Cookie funkci\u00f3ja: a l\u00e1togat\u00f3k megk\u00fcl\u00f6nb\u00f6ztet\u00e9s\u00e9re szolg\u00e1l<\/p>\n\n\n\n<p><strong>Cookie neve: _gat<\/strong><br>Cookie tartalma: v\u00e9letlenszer\u0171en gener\u00e1lt sz\u00e1m<br>Cookie t\u00e1rol\u00e1s\u00e1nak id\u0151tartama: 10 perc<br>Cookie funkci\u00f3ja: k\u00f6vet\u0151k\u00f3d l\u00e9trehoz\u00e1sa (k\u00e9r\u00e9sek ar\u00e1ny\u00e1nak m\u00e9r\u00e9se)<\/p>\n\n\n\n<p><strong>Bels\u0151 cookie-k<\/strong>&nbsp;(a weboldal m\u0171k\u00f6d\u00e9s\u00e9t el\u0151seg\u00edt\u0151, a web\u00e1ruh\u00e1z szolg\u00e1ltat\u00f3 szerver\u00e9r\u0151l sz\u00e1rmaz\u00f3 cookie-k)<\/p>\n\n\n\n<p>Az al\u00e1bbi funkci\u00f3k haszn\u00e1lnak cookie-kat:<\/p>\n\n\n\n<ul><li>bel\u00e9ptet\u0151 oldal megjelenjen-e \u00fajra vagy sem a l\u00e1togat\u00f3nak \u2013 t\u00e1rol\u00e1s id\u0151tartama a munkamenet v\u00e9g\u00e9ig \u2013 cookie neve: PHPSESSID<\/li><li>k\u00edv\u00e1ns\u00e1glist\u00e1ra tett term\u00e9kek list\u00e1ja \u2013 t\u00e1rol\u00e1s id\u0151tartama 30 nap \u2013 cookie neve: wishlist<\/li><li>a cookie-k haszn\u00e1lat\u00e1nak hozz\u00e1j\u00e1rul\u00e1sa \u2013 t\u00e1rol\u00e1s id\u0151tartama 1 \u00e9v \u2013 cookie neve: auroraNanobarAccepted<\/li><li>regisztr\u00e1lt felhaszn\u00e1l\u00f3 eset\u00e9n, bejelentkez\u00e9skor a v\u00e1s\u00e1rl\u00e1s felhaszn\u00e1l\u00f3hoz kapcsol\u00e1sa&nbsp;\u2013 t\u00e1rol\u00e1s id\u0151tartama a munkamenet v\u00e9g\u00e9ig \u2013 cookie neve: customer-group8<\/li><li>bolt aktu\u00e1lis valut\u00e1ja, amit a v\u00e1s\u00e1rl\u00f3 tud \u00e1ll\u00edtani<\/li><li>bolt aktu\u00e1lis nyelve, amit a v\u00e1s\u00e1rl\u00f3 tud \u00e1ll\u00edtani<\/li><li>a bolt adatb\u00e1zisbeli azonos\u00edt\u00f3j\u00e1t, fejleszt\u0151i okokb\u00f3l<\/li><\/ul>\n\n\n\n<p>Haszn\u00e1lunk Session \u00e9s Perzisztens (a b\u00f6ng\u00e9sz\u0151 bez\u00e1r\u00e1sa ut\u00e1n is megmarad\u00f3) cookiekat is. Ezek sz\u00e1ma a bekapcsolt funkci\u00f3kt\u00f3l f\u00fcgghet.<br>A cookiek t\u00f6rl\u0151d\u00e9se (lej\u00e1rati ideje) is t\u00f6bb fajta lehet a session cookiek a b\u00f6ng\u00e9sz\u0151 bez\u00e1r\u00e1s\u00e1val lej\u00e1rnak, a perzisztens cookiek lej\u00e1rati ideje v\u00e1ltoz\u00f3 \u00e1ltal\u00e1ban 1-5 nap.<br><strong>Cookie-k tilt\u00e1sa, enged\u00e9lyez\u00e9se, korl\u00e1toz\u00e1sa<\/strong><\/p>\n\n\n\n<p>Ha nem akarja, hogy a weboldalunkon kereszt\u00fcl a Google cookie-kat telep\u00edtsen a sz\u00e1m\u00edt\u00f3g\u00e9p\u00e9re, akkor, vagy \u00e9rtes\u00edt\u00e9st k\u00edv\u00e1n kapni arr\u00f3l, hogy azok mikor ker\u00fclnek elhelyez\u00e9sre, akkor \u00e1ll\u00edtsa be b\u00f6ng\u00e9sz\u0151j\u00e9t ennek megfelel\u0151en. A be\u00e1ll\u00edt\u00e1s b\u00f6ng\u00e9sz\u0151nk\u00e9nt elt\u00e9r\u0151 m\u00f3don t\u00f6rt\u00e9nik, ez\u00e9rt javasoljuk, hogy a be\u00e1ll\u00edt\u00e1s elv\u00e9gz\u00e9se el\u0151tt olvassa el a b\u00f6ng\u00e9sz\u0151je s\u00fag\u00f3j\u00e1nak ide vonatkoz\u00f3 fejezet\u00e9t.<\/p>\n\n\n\n<p>Cookie-enged\u00e9lyek m\u00f3dos\u00edt\u00e1sa Google Chrome eset\u00e9n<\/p>\n\n\n\n<ul><li>Kattintson a b\u00f6ng\u00e9sz\u0151 eszk\u00f6zt\u00e1r\u00e1nak csavarkulcs ikonj\u00e1ra&nbsp;&nbsp;.<\/li><li>V\u00e1lassza a&nbsp;<strong>Be\u00e1ll\u00edt\u00e1sok<\/strong>&nbsp;lehet\u0151s\u00e9get.<\/li><li>Kattintson a&nbsp;z oldal alj\u00e1n a k\u00e9k sz\u00edn\u0171&nbsp;<strong>Speci\u00e1lis be\u00e1ll\u00edt\u00e1sok megjelen\u00edt\u00e9se<\/strong>&nbsp;linkre.<\/li><li>Az Adatv\u00e9delem r\u00e9szen bel\u00fcl kattintson a&nbsp;<strong>Tartalombe\u00e1ll\u00edt\u00e1sok<\/strong>&nbsp;gombra.<\/li><li>A \u201cCookie-k\u201d r\u00e9szn\u00e9l tudja be\u00e1ll\u00edtani az enged\u00e9lyeket.<\/li><\/ul>\n\n\n\n<p><br>Cookie-k tilt\u00e1sa alap\u00e9rtelmezettk\u00e9nt:<\/p>\n\n\n\n<ul><li><strong>Az \u00f6sszes cookie letilt\u00e1sa:<\/strong>&nbsp;V\u00e1lassza az \u201cAdatment\u00e9s tilt\u00e1sa a webhelyeken\u201d lehet\u0151s\u00e9get. Vegye azonban figyelembe, hogy ezzel a be\u00e1ll\u00edt\u00e1ssal megakad\u00e1lyozza a legt\u00f6bb olyan webhely m\u0171k\u00f6d\u00e9s\u00e9t, amelyekhez bejelentkez\u00e9s sz\u00fcks\u00e9ges. A&nbsp;&nbsp;&nbsp;a c\u00edms\u00e1vban l\u00e1thatja.<\/li><li><strong>A harmadik f\u00e9lt\u0151l \u00e9rkez\u0151 cookie-k letilt\u00e1sa<\/strong>: jel\u00f6lje be a \u201cKiv\u00e9telek figyelmen k\u00edv\u00fcl hagy\u00e1sa \u00e9s a harmadik f\u00e9lt\u0151l \u00e9rkez\u0151 cookie-k letilt\u00e1sa\u201d jel\u00f6l\u0151n\u00e9gyzetet. M\u00e9g ha meg is adott egy webhelyet a Kiv\u00e9telek list\u00e1n, \u00e9s enged\u00e9lyezte sz\u00e1m\u00e1ra a cookie-kat, a webhely harmadik f\u00e9lt\u0151l sz\u00e1rmaz\u00f3 cookie-jait akkor is letiltja a rendszer, ha ez a jel\u00f6l\u0151n\u00e9gyzet be van jel\u00f6lve.<\/li><\/ul>\n\n\n\n<p><br>Cookie-k enged\u00e9lyez\u00e9se alap\u00e9rtelmezettk\u00e9nt:<\/p>\n\n\n\n<p>Ha mind az els\u0151dleges, mind a harmadik f\u00e9lt\u0151l sz\u00e1rmaz\u00f3 cookie-kat enged\u00e9lyezni szeretn\u00e9, gy\u0151z\u0151dj\u00f6n meg arr\u00f3l, hogy be van jel\u00f6lve a \u201cHelyi adatok ment\u00e9s\u00e9nek enged\u00e9lyez\u00e9se\u201d jel\u00f6l\u0151n\u00e9gyzet. Ha csak az els\u0151dleges cookie-kat szeretn\u00e9 elfogadni, jel\u00f6lje be \u201cAz \u00f6sszes harmadik f\u00e9lt\u0151l sz\u00e1rmaz\u00f3 cookie letilt\u00e1sa, kiv\u00e9tel n\u00e9lk\u00fcl\u201d jel\u00f6l\u0151n\u00e9gyzetet.<\/p>\n\n\n\n<p><br>Kiv\u00e9telek l\u00e9trehoz\u00e1sa bizonyos webhelyekr\u0151l vagy domainekr\u0151l \u00e9rkez\u0151 cookie-k eset\u00e9ben<\/p>\n\n\n\n<p>Ha meg szeretn\u00e9 szabni, hogy mik\u00e9nt kezelje a b\u00f6ng\u00e9sz\u0151 a cookie-kat bizonyos webhelyek vagy domainek eset\u00e9n, kattintson a&nbsp;<strong>Kiv\u00e9telek kezel\u00e9se<\/strong>&nbsp;lehet\u0151s\u00e9gre. A megjelen\u0151 Cookie- \u00e9s webhelyadat-kiv\u00e9telek p\u00e1rbesz\u00e9dpanelen szab\u00e1ly hozz\u00e1ad\u00e1s\u00e1hoz tegye a k\u00f6vetkez\u0151ket:<\/p>\n\n\n\n<ul><li>Kattintson az \u201c\u00daj kiv\u00e9telminta hozz\u00e1ad\u00e1sa\u201d mez\u0151re, \u00e9s \u00edrja be azt a domainnevet, amelyre vonatkoz\u00f3an kiv\u00e9telt k\u00edv\u00e1n l\u00e9trehozni.<\/li><li>Ha a teljes domainre szeretn\u00e9 l\u00e9trehozni a kiv\u00e9telt, illesszen be&nbsp;[*.]&nbsp;jelet a domain neve el\u00e9 (pl.&nbsp;[*.]google.com).<\/li><li>Ezen k\u00edv\u00fcl meghat\u00e1rozhat IP-c\u00edmet, IPv6-c\u00edmet, vagy nem http URL-t is.<\/li><li>A men\u00fc haszn\u00e1lat\u00e1val adja meg, hogy a webhely be\u00e1ll\u00edthat-e cookie-kat. Ha a&nbsp;<strong>Csak egy programfolyamatra<\/strong>&nbsp;lehet\u0151s\u00e9get v\u00e1lasztja, a hozz\u00e1 tartoz\u00f3 cookie-k minden alkalommal t\u00f6rl\u0151dnek, amikor bez\u00e1rja a b\u00f6ng\u00e9sz\u0151t.<\/li><\/ul>\n\n\n\n<p>A p\u00e1rbesz\u00e9dpanel haszn\u00e1lat\u00e1val szerkesztheti \u00e9s t\u00f6r\u00f6lheti is a kiv\u00e9teleket.<\/p>\n\n\n\n<p><strong>Cookie-k t\u00f6rl\u00e9se<\/strong><\/p>\n\n\n\n<p>B\u00f6ng\u00e9sz\u00e9si adatai felett teljes m\u00e9rt\u00e9kben \u00d6n rendelkezik. Az ilyen adatok k\u00f6z\u00e9 tartoznak b\u00f6ng\u00e9sz\u00e9si \u00e9s let\u00f6lt\u00e9si el\u0151zm\u00e9nyei, gyors\u00edt\u00f3t\u00e1rban t\u00e1rolt adatai, cookie-jai, jelszavai \u00e9s mentett \u0171rlapadatai. A \u201cB\u00f6ng\u00e9sz\u00e9si adatok t\u00f6rl\u00e9se\u201d p\u00e1rbesz\u00e9dpanelen t\u00f6r\u00f6lheti az \u00f6sszes adatot, vagy lehet\u0151s\u00e9ge van csak egy bizonyos id\u0151szak sor\u00e1n gy\u0171jt\u00f6tt adathalmaz t\u00f6rl\u00e9s\u00e9re is.<\/p>\n\n\n\n<p>Cookie-k t\u00f6rl\u00e9se a gyors\u00edt\u00f3t\u00e1r tartalm\u00e1nak t\u00f6rl\u00e9s\u00e9vel<\/p>\n\n\n\n<p>Ha a haszn\u00e1lt b\u00f6ng\u00e9sz\u0151 vagy a megtekintett oldal probl\u00e9m\u00e1kat okoz, el\u0151sz\u00f6r pr\u00f3b\u00e1lja meg t\u00f6r\u00f6lni a b\u00f6ng\u00e9sz\u0151 gyors\u00edt\u00f3t\u00e1r\u00e1t. Ha ez nem sz\u00fcnteti meg a probl\u00e9m\u00e1t, k\u00f6vetkez\u0151 l\u00e9p\u00e9sk\u00e9nt \u00e9rdemes megpr\u00f3b\u00e1lkozni a b\u00f6ng\u00e9sz\u0151 cookie-jainak t\u00f6rl\u00e9s\u00e9vel.<\/p>\n\n\n\n<p>A gyors\u00edt\u00f3t\u00e1r ki\u00fcr\u00edt\u00e9s\u00e9hez \u00e9s a cookie-k t\u00f6rl\u00e9s\u00e9hez sz\u00fcks\u00e9ges l\u00e9p\u00e9sek b\u00f6ng\u00e9sz\u0151nk\u00e9nt \u00e9s programverzi\u00f3nk\u00e9nt elt\u00e9r\u0151ek lehetnek. Az al\u00e1bbiakban ismertetj\u00fck a sz\u00fcks\u00e9ges l\u00e9p\u00e9seket n\u00e9h\u00e1ny elterjedt b\u00f6ng\u00e9sz\u0151 \u00e9s programverzi\u00f3 eset\u00e9n. Tov\u00e1bbi inform\u00e1ci\u00f3k a k\u00fcl\u00f6nf\u00e9le b\u00f6ng\u00e9sz\u0151kben t\u00f6rt\u00e9n\u0151 be\u00e1ll\u00edt\u00e1sokhoz:&nbsp;<a href=\"https:\/\/support.google.com\/adwords\/bin\/answer.py?hl=hu&amp;answer=105801\">https:\/\/support.google.com\/adwords\/bin\/answer.py?hl=huHYPERLINK \u201chttps:\/\/support.google.com\/adwords\/bin\/answer.py?hl=hu&amp;answer=105801\u2033&amp;HYPERLINK \u201chttps:\/\/support.google.com\/adwords\/bin\/answer.py?hl=hu&amp;answer=105801\u2033answer=105801<\/a><\/p>\n\n\n\n<p><br>Google Chrome eset\u00e9n \u2013 cooke-k t\u00f6rl\u00e9se<\/p>\n\n\n\n<ul><li>Kattintson a b\u00f6ng\u00e9sz\u0151 eszk\u00f6zt\u00e1r\u00e1nak csavarkulcs ikonj\u00e1ra&nbsp;&nbsp;.<\/li><li>V\u00e1lassza a&nbsp;<strong>Be\u00e1ll\u00edt\u00e1sok<\/strong>&nbsp;lehet\u0151s\u00e9get.<\/li><li>Kattintson a&nbsp;z oldal alj\u00e1n a k\u00e9k sz\u00edn\u0171&nbsp;<strong>Speci\u00e1lis be\u00e1ll\u00edt\u00e1sok megjelen\u00edt\u00e9se<\/strong>&nbsp;linkre.<\/li><li>Az Adatv\u00e9delem r\u00e9szen bel\u00fcl kattintson a&nbsp;<strong>Tartalombe\u00e1ll\u00edt\u00e1sok<\/strong>&nbsp;gombra.<\/li><li>Az \u00f6sszes cookie t\u00f6rl\u00e9s\u00e9hez a Cookie-k r\u00e9szn\u00e9l kattintson az \u201e<strong>\u00d6sszes cookie \u00e9s webhelyadat\u2026\u201d<\/strong>&nbsp;gombra, majd miut\u00e1n list\u00e1z\u00e1sra ker\u00fcltek a t\u00e1rolt cookie-k, kattintson az \u201e<strong>\u00d6sszes elt\u00e1vol\u00edt\u00e1sa<\/strong>\u201d gombra.<\/li><\/ul>\n\n\n\n<p>Ha azt szeretn\u00e9, hogy a Google Chrome automatikusan t\u00f6r\u00f6lje a cookie-kat a b\u00f6ng\u00e9sz\u0151ablakok bez\u00e1r\u00e1sa sor\u00e1n, jel\u00f6lje be a \u201d&nbsp;<strong><em>Cookie-k, valamint egy\u00e9b plug-in- \u00e9s webhelyadatok t\u00f6rl\u00e9se a b\u00f6ng\u00e9sz\u0151 bez\u00e1r\u00e1sakor<\/em><\/strong>\u201d jel\u00f6l\u0151n\u00e9gyzetet a Tartalombe\u00e1ll\u00edt\u00e1sok p\u00e1rbesz\u00e9dpanel \/ Cookie-k r\u00e9sz\u00e9n\u00e9l. Kiv\u00e9teleket is l\u00e9trehozhat, \u00edgy megadott webhelyek cookie-jai mindig t\u00f6rl\u00e9sre ker\u00fclnek a b\u00f6ng\u00e9sz\u0151 bez\u00e1r\u00e1sakor.<\/p>","protected":false},"excerpt":{"rendered":"<p>A cookie fogalma A cookie a webszerver \u00e1ltal k\u00fcld\u00f6tt \u00e9s a felhaszn\u00e1l\u00f3 sz\u00e1m\u00edt\u00f3g\u00e9p\u00e9n meghat\u00e1rozott id\u0151re elhelyezett kis adatcsomag (sz\u00f6veges f\u00e1jl), amit annak jell\u00e9g\u00e9t\u0151l f\u00fcgg\u0151en a szerver az \u00fajabb l\u00e1togat\u00e1sok alkalm\u00e1val ki is eg\u00e9sz\u00edthet, azaz, ha a b\u00f6ng\u00e9sz\u0151 visszak\u00fcld egy kor\u00e1bban elmentett s\u00fctit, a s\u00fctit kezel\u0151 szolg\u00e1ltat\u00f3nak lehet\u0151s\u00e9ge van \u00f6sszekapcsolni a felhaszn\u00e1l\u00f3 aktu\u00e1lis l\u00e1togat\u00e1s\u00e1t a kor\u00e1bbiakkal, [&hellip;]<\/p>","protected":false},"author":1,"featured_media":0,"parent":0,"menu_order":0,"comment_status":"closed","ping_status":"closed","template":"","meta":{"_monsterinsights_skip_tracking":false,"_monsterinsights_sitenote_active":false,"_monsterinsights_sitenote_note":"","_monsterinsights_sitenote_category":0},"_links":{"self":[{"href":"https:\/\/fruttamax.hu\/en\/wp-json\/wp\/v2\/pages\/1792"}],"collection":[{"href":"https:\/\/fruttamax.hu\/en\/wp-json\/wp\/v2\/pages"}],"about":[{"href":"https:\/\/fruttamax.hu\/en\/wp-json\/wp\/v2\/types\/page"}],"author":[{"embeddable":true,"href":"https:\/\/fruttamax.hu\/en\/wp-json\/wp\/v2\/users\/1"}],"replies":[{"embeddable":true,"href":"https:\/\/fruttamax.hu\/en\/wp-json\/wp\/v2\/comments?post=1792"}],"version-history":[{"count":1,"href":"https:\/\/fruttamax.hu\/en\/wp-json\/wp\/v2\/pages\/1792\/revisions"}],"predecessor-version":[{"id":1794,"href":"https:\/\/fruttamax.hu\/en\/wp-json\/wp\/v2\/pages\/1792\/revisions\/1794"}],"wp:attachment":[{"href":"https:\/\/fruttamax.hu\/en\/wp-json\/wp\/v2\/media?parent=1792"}],"curies":[{"name":"wp","href":"https:\/\/api.w.org\/{rel}","templated":true}]}}